{"id":3786,"date":"2024-04-11T00:06:12","date_gmt":"2024-04-10T22:06:12","guid":{"rendered":"https:\/\/poltaquim.com\/?page_id=3786"},"modified":"2024-04-11T00:25:27","modified_gmt":"2024-04-10T22:25:27","slug":"quienes-somos","status":"publish","type":"page","link":"https:\/\/poltaquim.com\/index.php\/quienes-somos\/","title":{"rendered":"\u00bfQuienes somos?"},"content":{"rendered":"\n<style type=\"text\/css\" data-created_by=\"avia_inline_auto\" id=\"style-css-av-luud6gmv-d6019280bc37c0f6d7ae16d05d5d5ea2\">\n.avia-section.av-luud6gmv-d6019280bc37c0f6d7ae16d05d5d5ea2{\nbackground-repeat:no-repeat;\nbackground-image:url(https:\/\/poltaquim.com\/wp-content\/uploads\/2024\/04\/WhatsApp-Image-2024-04-04-at-18.44.52.jpeg);\nbackground-position:50% 50%;\nbackground-attachment:fixed;\n}\n.avia-section.av-luud6gmv-d6019280bc37c0f6d7ae16d05d5d5ea2 .av-section-color-overlay{\nopacity:0.7;\nbackground-color:#000000;\n}\n<\/style>\n<div id='av_section_1'  class='avia-section av-luud6gmv-d6019280bc37c0f6d7ae16d05d5d5ea2 main_color avia-section-huge avia-no-border-styling  avia-builder-el-0  el_before_av_one_full  avia-builder-el-first  avia-full-stretch avia-bg-style-fixed av-section-color-overlay-active container_wrap fullsize'  data-section-bg-repeat='stretch'><div class=\"av-section-color-overlay-wrap\"><div class=\"av-section-color-overlay\"><\/div><div class='container av-section-cont-open' ><main  role=\"main\" itemprop=\"mainContentOfPage\"  class='template-page content  av-content-full alpha units'><div class='post-entry post-entry-type-page post-entry-3786'><div class='entry-content-wrapper clearfix'>\n\n<style type=\"text\/css\" data-created_by=\"avia_inline_auto\" id=\"style-css-av-gunaca-05253594bac700ed7ddcb25d46f5f14b\">\n.flex_column.av-gunaca-05253594bac700ed7ddcb25d46f5f14b{\nborder-radius:0px 0px 0px 0px;\npadding:0px 0px 0px 0px;\n}\n<\/style>\n<div  class='flex_column av-gunaca-05253594bac700ed7ddcb25d46f5f14b av_one_fifth  avia-builder-el-1  el_before_av_three_fifth  avia-builder-el-first  first flex_column_div av-zero-column-padding  '     ><\/div>\n<style type=\"text\/css\" data-created_by=\"avia_inline_auto\" id=\"style-css-av-fvnuu2-540f5108f56b23f09d46a7ba1a1c66ba\">\n.flex_column.av-fvnuu2-540f5108f56b23f09d46a7ba1a1c66ba{\nborder-radius:0px 0px 0px 0px;\npadding:0px 0px 0px 0px;\n}\n<\/style>\n<div  class='flex_column av-fvnuu2-540f5108f56b23f09d46a7ba1a1c66ba av_three_fifth  avia-builder-el-2  el_after_av_one_fifth  el_before_av_one_fifth  flex_column_div av-zero-column-padding  '     ><p>\n<style type=\"text\/css\" data-created_by=\"avia_inline_auto\" id=\"style-css-av-luud9ttt-3da8edafd74952bc1bce63c79f603717\">\n#top .av-special-heading.av-luud9ttt-3da8edafd74952bc1bce63c79f603717{\npadding-bottom:20px;\ncolor:#ffffff;\nfont-size:40px;\n}\nbody .av-special-heading.av-luud9ttt-3da8edafd74952bc1bce63c79f603717 .av-special-heading-tag .heading-char{\nfont-size:25px;\n}\n#top #wrap_all .av-special-heading.av-luud9ttt-3da8edafd74952bc1bce63c79f603717 .av-special-heading-tag{\nfont-size:40px;\n}\n.av-special-heading.av-luud9ttt-3da8edafd74952bc1bce63c79f603717 .special-heading-inner-border{\nborder-color:#ffffff;\n}\n.av-special-heading.av-luud9ttt-3da8edafd74952bc1bce63c79f603717 .av-subheading{\nfont-size:15px;\n}\n\n@media only screen and (min-width: 480px) and (max-width: 767px){ \n#top #wrap_all .av-special-heading.av-luud9ttt-3da8edafd74952bc1bce63c79f603717 .av-special-heading-tag{\nfont-size:0.8em;\n}\n}\n\n@media only screen and (max-width: 479px){ \n#top #wrap_all .av-special-heading.av-luud9ttt-3da8edafd74952bc1bce63c79f603717 .av-special-heading-tag{\nfont-size:0.8em;\n}\n}\n<\/style>\n<div  class='av-special-heading av-luud9ttt-3da8edafd74952bc1bce63c79f603717 av-special-heading-h2 custom-color-heading blockquote modern-quote modern-centered  avia-builder-el-3  el_before_av_textblock  avia-builder-el-first  av-inherit-size'><h2 class='av-special-heading-tag'  itemprop=\"headline\"  >\u00bfQuienes Somos?<\/h2><div class=\"special-heading-border\"><div class=\"special-heading-inner-border\"><\/div><\/div><\/div><br \/>\n\n<style type=\"text\/css\" data-created_by=\"avia_inline_auto\" id=\"style-css-av-luudbpcn-c986038478d1aeca62b7cd1853fe650e\">\n#top .av_textblock_section.av-luudbpcn-c986038478d1aeca62b7cd1853fe650e .avia_textblock{\nfont-size:14px;\ncolor:#ffffff;\n}\n<\/style>\n<section  class='av_textblock_section av-luudbpcn-c986038478d1aeca62b7cd1853fe650e '   itemscope=\"itemscope\" itemtype=\"https:\/\/schema.org\/CreativeWork\" ><div class='avia_textblock av_inherit_color'  itemprop=\"text\" ><p style=\"text-align: center;\">Desde nuestra fundaci\u00f3n, hemos estado comprometidos con la excelencia, la sostenibilidad y el servicio al cliente. Adem\u00e1s de nuestro compromiso con la excelencia t\u00e9cnica, valoramos profundamente la responsabilidad social corporativa. <strong>Nos esforzamos por mantener relaciones \u00e9ticas y transparentes con todos nuestros socios comerciales<\/strong><\/p>\n<\/div><\/section><\/p><\/div>\n<style type=\"text\/css\" data-created_by=\"avia_inline_auto\" id=\"style-css-av-ee0wy2-c91848a34eeb9ee3d2b5622282f4c1c4\">\n.flex_column.av-ee0wy2-c91848a34eeb9ee3d2b5622282f4c1c4{\nborder-radius:0px 0px 0px 0px;\npadding:0px 0px 0px 0px;\n}\n<\/style>\n<div  class='flex_column av-ee0wy2-c91848a34eeb9ee3d2b5622282f4c1c4 av_one_fifth  avia-builder-el-5  el_after_av_three_fifth  avia-builder-el-last  flex_column_div av-zero-column-padding  '     ><\/div><\/div><\/div><\/main><!-- close content main element --><\/div><\/div><\/div><div id='after_section_1'  class='main_color av_default_container_wrap container_wrap fullsize'  ><div class='container av-section-cont-open' ><div class='template-page content  av-content-full alpha units'><div class='post-entry post-entry-type-page post-entry-3786'><div class='entry-content-wrapper clearfix'>\n<style type=\"text\/css\" data-created_by=\"avia_inline_auto\" id=\"style-css-av-ixtwm2-ac89457d4be8dd0ef9924712ffced048\">\n.flex_column.av-ixtwm2-ac89457d4be8dd0ef9924712ffced048{\nborder-radius:0px 0px 0px 0px;\npadding:0px 0px 0px 0px;\n}\n<\/style>\n<div  class='flex_column av-ixtwm2-ac89457d4be8dd0ef9924712ffced048 av_one_full  avia-builder-el-6  el_after_av_section  el_before_av_section  avia-builder-el-no-sibling  first flex_column_div av-zero-column-padding  '     ><section  class='av_textblock_section av-luucz31j-3f44c761f20c0a0963d702b35c311151 '   itemscope=\"itemscope\" itemtype=\"https:\/\/schema.org\/CreativeWork\" ><div class='avia_textblock'  itemprop=\"text\" ><p>Somos una empresa joven formada en el a\u00f1o 2021, los socios poseen una trayectoria de casi 25 a\u00f1os en la Industria Qu\u00edmica, y la Direcci\u00f3n de la Compa\u00f1\u00eda est\u00e1 a cargo de profesionales de la Ingenier\u00eda Qu\u00edmica.<\/p>\n<p><strong>Nuestro objetivo es distribuir productos qu\u00edmicos de alta calidad para diferentes Industrias<\/strong>. Sin embargo, existe en los socios una fuerte impronta en el desarrollo y la investigaci\u00f3n por lo que se han desarrollado diferentes l\u00edneas para los Mercados de Agro, Home &amp; Personal Care y Poliuretanos.<\/p>\n<p>Ofrecemos atenci\u00f3n personalizada y un servicio integral apoyados en un fuerte conocimiento del Mercado, los productos y sus aplicaciones.<\/p>\n<\/div><\/section><\/div><\/div><\/div><\/div><!-- close content main div --><\/div><\/div>\n<style type=\"text\/css\" data-created_by=\"avia_inline_auto\" id=\"style-css-av-wal062-27cab2f0a599409eb5033f637e855299\">\n.avia-section.av-wal062-27cab2f0a599409eb5033f637e855299 .av-extra-border-element .av-extra-border-inner{\nbackground-color:#ffffff;\n}\n<\/style>\n<div id='av_section_2'  class='avia-section av-wal062-27cab2f0a599409eb5033f637e855299 main_color avia-section-large avia-no-border-styling  avia-builder-el-8  el_after_av_one_full  el_before_av_section  avia-bg-style-scroll av-arrow-down-section container_wrap fullsize'  ><div class='container av-section-cont-open' ><div class='template-page content  av-content-full alpha units'><div class='post-entry post-entry-type-page post-entry-3786'><div class='entry-content-wrapper clearfix'>\n\n<style type=\"text\/css\" data-created_by=\"avia_inline_auto\" id=\"style-css-av-v0ku96-eaa2cde782cd524ad28f06466ad6c9c8\">\n#top .av-special-heading.av-v0ku96-eaa2cde782cd524ad28f06466ad6c9c8{\npadding-bottom:50px;\nfont-size:40px;\n}\nbody .av-special-heading.av-v0ku96-eaa2cde782cd524ad28f06466ad6c9c8 .av-special-heading-tag .heading-char{\nfont-size:25px;\n}\n#top #wrap_all .av-special-heading.av-v0ku96-eaa2cde782cd524ad28f06466ad6c9c8 .av-special-heading-tag{\nfont-size:40px;\n}\n.av-special-heading.av-v0ku96-eaa2cde782cd524ad28f06466ad6c9c8 .av-subheading{\nfont-size:15px;\n}\n\n@media only screen and (min-width: 480px) and (max-width: 767px){ \n#top #wrap_all .av-special-heading.av-v0ku96-eaa2cde782cd524ad28f06466ad6c9c8 .av-special-heading-tag{\nfont-size:0.8em;\n}\n}\n\n@media only screen and (max-width: 479px){ \n#top #wrap_all .av-special-heading.av-v0ku96-eaa2cde782cd524ad28f06466ad6c9c8 .av-special-heading-tag{\nfont-size:0.8em;\n}\n}\n<\/style>\n<div  class='av-special-heading av-v0ku96-eaa2cde782cd524ad28f06466ad6c9c8 av-special-heading-h2 blockquote modern-quote  avia-builder-el-9  el_before_av_one_half  avia-builder-el-first  av-inherit-size'><h2 class='av-special-heading-tag'  itemprop=\"headline\"  >Contacto<\/h2><div class=\"special-heading-border\"><div class=\"special-heading-inner-border\"><\/div><\/div><\/div>\n\n<style type=\"text\/css\" data-created_by=\"avia_inline_auto\" id=\"style-css-av-1yt5wa-7c89b39b802251290626a29915cb065f\">\n.flex_column.av-1yt5wa-7c89b39b802251290626a29915cb065f{\nborder-radius:0px 0px 0px 0px;\npadding:0px 0px 0px 0px;\n}\n<\/style>\n<div  class='flex_column av-1yt5wa-7c89b39b802251290626a29915cb065f av_one_half  avia-builder-el-10  el_after_av_heading  el_before_av_one_half  first flex_column_div av-zero-column-padding  '     ><section  class='av_textblock_section av-hkpux6-9180fbb493d1c2472b02ee57a449dced '   itemscope=\"itemscope\" itemtype=\"https:\/\/schema.org\/CreativeWork\" ><div class='avia_textblock'  itemprop=\"text\" ><h4>DIRECCION:<\/h4>\n<p>Tucum\u00e1n 1667 Piso 6to Dpto B &#8211; C.A.B.A., Argentina.<\/p>\n<h4>CONTACTO:<\/h4>\n<p>Telefonos:<br \/>\n+54 11 3325-2257<br \/>\n+54 11 6185-8400<\/p>\n<h4>CORREOS:<\/h4>\n<p>ventas@poltaquim.com.ar<br \/>\ninfo@poltaquim.com.ar<br \/>\nadministracion@poltaquim.com.ar<\/p>\n<h4><\/h4>\n<\/div><\/section><\/div>\n<style type=\"text\/css\" data-created_by=\"avia_inline_auto\" id=\"style-css-av-tnfi9m-6e82e2f9feb9f5a2c7ed7d66c938f64a\">\n.flex_column.av-tnfi9m-6e82e2f9feb9f5a2c7ed7d66c938f64a{\nborder-radius:0px 0px 0px 0px;\npadding:0px 0px 0px 0px;\n}\n<\/style>\n<div  class='flex_column av-tnfi9m-6e82e2f9feb9f5a2c7ed7d66c938f64a av_one_half  avia-builder-el-12  el_after_av_one_half  avia-builder-el-last  flex_column_div av-zero-column-padding  '     ><form action=\"https:\/\/poltaquim.com\/index.php\/quienes-somos\/\" method=\"post\" data-fields-with-error=\"Found errors in the following field(s):\" class=\"avia_ajax_form av-form-labels-hidden   avia-builder-el-13  avia-builder-el-no-sibling   \" data-avia-form-id=\"1\" data-avia-redirect='' ><fieldset><p class='  first_form  form_element form_element_half' id='element_avia_1_1'><label for=\"avia_1_1\">Nombre <abbr class=\"required\" title=\"required\">*<\/abbr><\/label> <input name=\"avia_1_1\" class=\"text_input is_empty\" type=\"text\" id=\"avia_1_1\" value=\"\"  placeholder='Nombre*'\/><\/p><p class='  form_element form_element_half' id='element_avia_2_1'><label for=\"avia_2_1\">E-Mail <abbr class=\"required\" title=\"required\">*<\/abbr><\/label> <input name=\"avia_2_1\" class=\"text_input is_email\" type=\"text\" id=\"avia_2_1\" value=\"\"  placeholder='E-Mail*'\/><\/p><p class='  first_form  form_element form_fullwidth' id='element_avia_3_1'><label for=\"avia_3_1\">Asunto <abbr class=\"required\" title=\"required\">*<\/abbr><\/label> <input name=\"avia_3_1\" class=\"text_input is_empty\" type=\"text\" id=\"avia_3_1\" value=\"\"  placeholder='Asunto*'\/><\/p><p class='  first_form  form_element form_fullwidth av-last-visible-form-element' id='element_avia_4_1'><label for=\"avia_4_1\" class=\"textare_label hidden textare_label_avia_4_1\">Mensaje <abbr class=\"required\" title=\"required\">*<\/abbr><\/label><textarea  placeholder='Mensaje*' name=\"avia_4_1\" class=\"text_area is_empty\" cols=\"40\" rows=\"7\" id=\"avia_4_1\" ><\/textarea><\/p><p class=\"hidden\"><input type=\"text\" name=\"avia_5_1\" class=\"hidden \" id=\"avia_5_1\" value=\"\" \/><\/p><p class=\"form_element \"><input type=\"hidden\" value=\"1\" name=\"avia_generated_form1\" \/><input type=\"submit\" value=\"Enviar\" class=\"button\"  data-sending-label=\"Sending\"\/><\/p><\/fieldset><\/form><div id=\"ajaxresponse_1\" class=\"ajaxresponse ajaxresponse_1 hidden\"><\/div><\/div><\/div><\/div><\/div><!-- close content main div --><\/div><div class='av-extra-border-element border-extra-arrow-down'><div class='av-extra-border-outer'><div class='av-extra-border-inner'><\/div><\/div><\/div><\/div>\n<style type=\"text\/css\" data-created_by=\"avia_inline_auto\" id=\"style-css-av-f7gddm-56cf106b2e41bee0dc88959b8f75e7ea\">\n.avia-section.av-f7gddm-56cf106b2e41bee0dc88959b8f75e7ea{\nbackground-repeat:no-repeat;\nbackground-image:url(https:\/\/poltaquim.com\/wp-content\/uploads\/2015\/07\/business-office-work.jpg);\nbackground-position:50% 50%;\nbackground-attachment:fixed;\n}\n.avia-section.av-f7gddm-56cf106b2e41bee0dc88959b8f75e7ea .av-section-color-overlay{\nopacity:0.9;\nbackground-color:#35383c;\n}\n<\/style>\n<div id='newsletter'  class='avia-section av-f7gddm-56cf106b2e41bee0dc88959b8f75e7ea main_color avia-section-huge avia-no-border-styling  avia-builder-el-14  el_after_av_section  avia-builder-el-last  avia-full-stretch avia-bg-style-fixed av-section-color-overlay-active container_wrap fullsize'  data-section-bg-repeat='stretch'><div class=\"av-section-color-overlay-wrap\"><div class=\"av-section-color-overlay\"><\/div><div class='container av-section-cont-open' ><div class='template-page content  av-content-full alpha units'><div class='post-entry post-entry-type-page post-entry-3786'><div class='entry-content-wrapper clearfix'>\n\n<style type=\"text\/css\" data-created_by=\"avia_inline_auto\" id=\"style-css-av-eu84be-669b85f644b8cd2461d2aec31b6fd493\">\n#top .av-special-heading.av-eu84be-669b85f644b8cd2461d2aec31b6fd493{\npadding-bottom:20px;\ncolor:#ffffff;\nfont-size:40px;\n}\nbody .av-special-heading.av-eu84be-669b85f644b8cd2461d2aec31b6fd493 .av-special-heading-tag .heading-char{\nfont-size:25px;\n}\n#top #wrap_all .av-special-heading.av-eu84be-669b85f644b8cd2461d2aec31b6fd493 .av-special-heading-tag{\nfont-size:40px;\n}\n.av-special-heading.av-eu84be-669b85f644b8cd2461d2aec31b6fd493 .special-heading-inner-border{\nborder-color:#ffffff;\n}\n.av-special-heading.av-eu84be-669b85f644b8cd2461d2aec31b6fd493 .av-subheading{\nfont-size:15px;\n}\n\n@media only screen and (min-width: 480px) and (max-width: 767px){ \n#top #wrap_all .av-special-heading.av-eu84be-669b85f644b8cd2461d2aec31b6fd493 .av-special-heading-tag{\nfont-size:0.8em;\n}\n}\n\n@media only screen and (max-width: 479px){ \n#top #wrap_all .av-special-heading.av-eu84be-669b85f644b8cd2461d2aec31b6fd493 .av-special-heading-tag{\nfont-size:0.8em;\n}\n}\n<\/style>\n<div  class='av-special-heading av-eu84be-669b85f644b8cd2461d2aec31b6fd493 av-special-heading-h1 custom-color-heading blockquote modern-quote modern-centered  avia-builder-el-15  el_before_av_one_fifth  avia-builder-el-first  av-inherit-size'><h1 class='av-special-heading-tag'  itemprop=\"headline\"  ><b>\u00bfQuieres mantenerte informado?<\/b><br \/>Entra a nuestro bolet\u00edn <\/h1><div class=\"special-heading-border\"><div class=\"special-heading-inner-border\"><\/div><\/div><\/div>\n\n<style type=\"text\/css\" data-created_by=\"avia_inline_auto\" id=\"style-css-av-cefr62-ce6c256f3e98fbec9826b4c0a7bbfc38\">\n.flex_column.av-cefr62-ce6c256f3e98fbec9826b4c0a7bbfc38{\nborder-radius:0px 0px 0px 0px;\npadding:0px 0px 0px 0px;\n}\n<\/style>\n<div  class='flex_column av-cefr62-ce6c256f3e98fbec9826b4c0a7bbfc38 av_one_fifth  avia-builder-el-16  el_after_av_heading  el_before_av_three_fifth  first flex_column_div av-animated-generic fade-in av-zero-column-padding  '     ><\/div>\n<style type=\"text\/css\" data-created_by=\"avia_inline_auto\" id=\"style-css-av-acm05m-d2b9e5872eeb57b2087e96089731bace\">\n.flex_column.av-acm05m-d2b9e5872eeb57b2087e96089731bace{\nborder-radius:0px 0px 0px 0px;\npadding:0px 0px 0px 0px;\n}\n<\/style>\n<div  class='flex_column av-acm05m-d2b9e5872eeb57b2087e96089731bace av_three_fifth  avia-builder-el-17  el_after_av_one_fifth  el_before_av_one_fifth  flex_column_div av-animated-generic fade-in av-zero-column-padding  '     ><p><form action=\"https:\/\/poltaquim.com\/index.php\/quienes-somos\/\" method=\"post\" data-fields-with-error=\"Found errors in the following field(s):\" class=\"avia_ajax_form av-form-labels-hidden   avia-builder-el-18  el_before_av_textblock  avia-builder-el-first  av-custom-form-color av-light-form \" data-avia-form-id=\"2\" data-avia-redirect='' ><fieldset><p class='  first_form  form_element form_element_third' id='element_avia_1_2'><label for=\"avia_1_2\">Nombre <abbr class=\"required\" title=\"required\">*<\/abbr><\/label> <input name=\"avia_1_2\" class=\"text_input is_empty\" type=\"text\" id=\"avia_1_2\" value=\"\"  placeholder='Nombre*'\/><\/p><p class='  form_element form_element_third av-last-visible-form-element' id='element_avia_2_2'><label for=\"avia_2_2\">E-Mail <abbr class=\"required\" title=\"required\">*<\/abbr><\/label> <input name=\"avia_2_2\" class=\"text_input is_email\" type=\"text\" id=\"avia_2_2\" value=\"\"  placeholder='E-Mail*'\/><\/p><p class=\"hidden\"><input type=\"text\" name=\"avia_3_2\" class=\"hidden \" id=\"avia_3_2\" value=\"\" \/><\/p><p class=\"form_element form_element_third modified_width\"><input type=\"hidden\" value=\"1\" name=\"avia_generated_form2\" \/><input type=\"submit\" value=\"Subscribirme\" class=\"button\"  data-sending-label=\"Sending\"\/><\/p><\/fieldset><\/form><div id=\"ajaxresponse_2\" class=\"ajaxresponse ajaxresponse_2 hidden\"><\/div><br \/>\n\n<style type=\"text\/css\" data-created_by=\"avia_inline_auto\" id=\"style-css-av-4bvkt6-bfa6481872204f81a8280f151473df12\">\n#top .av_textblock_section.av-4bvkt6-bfa6481872204f81a8280f151473df12 .avia_textblock{\ncolor:#cecece;\n}\n<\/style>\n<section  class='av_textblock_section av-4bvkt6-bfa6481872204f81a8280f151473df12 '   itemscope=\"itemscope\" itemtype=\"https:\/\/schema.org\/CreativeWork\" ><div class='avia_textblock av_inherit_color'  itemprop=\"text\" ><p style=\"text-align: center;\">Valoramos tu privacidad. Nunca te enviamos spam ni compartimos tu informaci\u00f3n con terceros.<\/p>\n<\/div><\/section><\/p><\/div>\n<style type=\"text\/css\" data-created_by=\"avia_inline_auto\" id=\"style-css-av-22dc3e-542578e44e50742ecc4688ba09cd174c\">\n.flex_column.av-22dc3e-542578e44e50742ecc4688ba09cd174c{\nborder-radius:0px 0px 0px 0px;\npadding:0px 0px 0px 0px;\n}\n<\/style>\n<div  class='flex_column av-22dc3e-542578e44e50742ecc4688ba09cd174c av_one_fifth  avia-builder-el-20  el_after_av_three_fifth  avia-builder-el-last  flex_column_div av-animated-generic fade-in av-zero-column-padding  '     ><\/div>\n<\/p>\n","protected":false},"excerpt":{"rendered":"","protected":false},"author":1,"featured_media":0,"parent":0,"menu_order":0,"comment_status":"closed","ping_status":"closed","template":"","meta":{"footnotes":"","_joinchat":[]},"_links":{"self":[{"href":"https:\/\/poltaquim.com\/index.php\/wp-json\/wp\/v2\/pages\/3786"}],"collection":[{"href":"https:\/\/poltaquim.com\/index.php\/wp-json\/wp\/v2\/pages"}],"about":[{"href":"https:\/\/poltaquim.com\/index.php\/wp-json\/wp\/v2\/types\/page"}],"author":[{"embeddable":true,"href":"https:\/\/poltaquim.com\/index.php\/wp-json\/wp\/v2\/users\/1"}],"replies":[{"embeddable":true,"href":"https:\/\/poltaquim.com\/index.php\/wp-json\/wp\/v2\/comments?post=3786"}],"version-history":[{"count":17,"href":"https:\/\/poltaquim.com\/index.php\/wp-json\/wp\/v2\/pages\/3786\/revisions"}],"predecessor-version":[{"id":3813,"href":"https:\/\/poltaquim.com\/index.php\/wp-json\/wp\/v2\/pages\/3786\/revisions\/3813"}],"wp:attachment":[{"href":"https:\/\/poltaquim.com\/index.php\/wp-json\/wp\/v2\/media?parent=3786"}],"curies":[{"name":"wp","href":"https:\/\/api.w.org\/{rel}","templated":true}]}}