{"id":3423,"date":"2024-03-13T00:31:42","date_gmt":"2024-03-12T23:31:42","guid":{"rendered":"https:\/\/poltaquim.com\/?post_type=product&#038;p=3423"},"modified":"2024-04-05T05:47:09","modified_gmt":"2024-04-05T03:47:09","slug":"fenil-sulfonato-de-calcio-60-base-2-etil-hexanol","status":"publish","type":"product","link":"https:\/\/poltaquim.com\/index.php\/producto\/fenil-sulfonato-de-calcio-60-base-2-etil-hexanol\/","title":{"rendered":"Fenil sulfonato de calcio 60% base 2-etil hexanol"},"content":{"rendered":"<p>FeSCa 60% 2EH<\/p>\n<p>Sulfonato de calcio al 60% base 2 etil hexanol.. Tensioactivo ani\u00f3nico sulfonado.<\/p>\n<p><strong>USOS<\/strong><\/p>\n<p>Tensioactivo ani\u00f3nico utilizado en la formulaci\u00f3n de concentrados emulsionables (CE), emulsiones (O\/W) y dispersiones en aceite (OD).<\/p>\n","protected":false},"excerpt":{"rendered":"<p>FeSCa 60% 2EH Sulfonato de calcio al 60% base 2 etil hexanol.. Tensioactivo ani\u00f3nico sulfonado. USOS Tensioactivo ani\u00f3nico utilizado en la formulaci\u00f3n de concentrados emulsionables (CE), emulsiones (O\/W) y dispersiones en aceite (OD).<\/p>\n","protected":false},"featured_media":3622,"template":"","meta":{"_joinchat":[]},"product_cat":[41],"product_tag":[],"_links":{"self":[{"href":"https:\/\/poltaquim.com\/index.php\/wp-json\/wp\/v2\/product\/3423"}],"collection":[{"href":"https:\/\/poltaquim.com\/index.php\/wp-json\/wp\/v2\/product"}],"about":[{"href":"https:\/\/poltaquim.com\/index.php\/wp-json\/wp\/v2\/types\/product"}],"wp:featuredmedia":[{"embeddable":true,"href":"https:\/\/poltaquim.com\/index.php\/wp-json\/wp\/v2\/media\/3622"}],"wp:attachment":[{"href":"https:\/\/poltaquim.com\/index.php\/wp-json\/wp\/v2\/media?parent=3423"}],"wp:term":[{"taxonomy":"product_cat","embeddable":true,"href":"https:\/\/poltaquim.com\/index.php\/wp-json\/wp\/v2\/product_cat?post=3423"},{"taxonomy":"product_tag","embeddable":true,"href":"https:\/\/poltaquim.com\/index.php\/wp-json\/wp\/v2\/product_tag?post=3423"}],"curies":[{"name":"wp","href":"https:\/\/api.w.org\/{rel}","templated":true}]}}