{"id":3429,"date":"2024-03-13T00:44:57","date_gmt":"2024-03-12T23:44:57","guid":{"rendered":"https:\/\/poltaquim.com\/?post_type=product&#038;p=3429"},"modified":"2024-04-05T05:49:11","modified_gmt":"2024-04-05T03:49:11","slug":"fenil-sulfonato-de-calcio-70-base-isobutanol","status":"publish","type":"product","link":"https:\/\/poltaquim.com\/index.php\/producto\/fenil-sulfonato-de-calcio-70-base-isobutanol\/","title":{"rendered":"Fenil sulfonato de calcio 70% base isobutanol"},"content":{"rendered":"<p>FeSCa 70% IB<\/p>\n<p>Sulfonato de calcio 70% base isobutanol.. Tensioactivo ani\u00f3nico sulfonado.<\/p>\n<p><strong>USOS<\/strong><\/p>\n<p>Tensioactivo ani\u00f3nico utilizado en la formulaci\u00f3n de concentrados emulsionables (CE), emulsiones (O\/W) y dispersiones en aceite (OD).<\/p>\n","protected":false},"excerpt":{"rendered":"<p>FeSCa 70% IB Sulfonato de calcio 70% base isobutanol.. Tensioactivo ani\u00f3nico sulfonado. USOS Tensioactivo ani\u00f3nico utilizado en la formulaci\u00f3n de concentrados emulsionables (CE), emulsiones (O\/W) y dispersiones en aceite (OD).<\/p>\n","protected":false},"featured_media":3623,"template":"","meta":{"_joinchat":[]},"product_cat":[41],"product_tag":[],"_links":{"self":[{"href":"https:\/\/poltaquim.com\/index.php\/wp-json\/wp\/v2\/product\/3429"}],"collection":[{"href":"https:\/\/poltaquim.com\/index.php\/wp-json\/wp\/v2\/product"}],"about":[{"href":"https:\/\/poltaquim.com\/index.php\/wp-json\/wp\/v2\/types\/product"}],"wp:featuredmedia":[{"embeddable":true,"href":"https:\/\/poltaquim.com\/index.php\/wp-json\/wp\/v2\/media\/3623"}],"wp:attachment":[{"href":"https:\/\/poltaquim.com\/index.php\/wp-json\/wp\/v2\/media?parent=3429"}],"wp:term":[{"taxonomy":"product_cat","embeddable":true,"href":"https:\/\/poltaquim.com\/index.php\/wp-json\/wp\/v2\/product_cat?post=3429"},{"taxonomy":"product_tag","embeddable":true,"href":"https:\/\/poltaquim.com\/index.php\/wp-json\/wp\/v2\/product_tag?post=3429"}],"curies":[{"name":"wp","href":"https:\/\/api.w.org\/{rel}","templated":true}]}}